{"id":9,"date":"2021-06-12T06:25:18","date_gmt":"2021-06-12T06:25:18","guid":{"rendered":"https:\/\/tsvalemach-com-br.andamento.dev.br\/?page_id=9"},"modified":"2023-09-26T19:56:36","modified_gmt":"2023-09-26T19:56:36","slug":"sobre-nos","status":"publish","type":"page","link":"https:\/\/tsvalemach.com.br\/?page_id=9","title":{"rendered":"Sobre N\u00f3s"},"content":{"rendered":"\t\t<div data-elementor-type=\"wp-page\" data-elementor-id=\"9\" class=\"elementor elementor-9\" data-elementor-post-type=\"page\">\n\t\t\t\t\t\t\t\t\t<section class=\"elementor-section elementor-top-section elementor-element elementor-element-f8ab169 elementor-section-boxed elementor-section-height-default elementor-section-height-default\" data-id=\"f8ab169\" data-element_type=\"section\" data-settings=\"{&quot;background_background&quot;:&quot;classic&quot;}\">\n\t\t\t\t\t\t\t<div class=\"elementor-background-overlay\"><\/div>\n\t\t\t\t\t\t\t<div class=\"elementor-container elementor-column-gap-no\">\n\t\t\t\t\t<div class=\"elementor-column elementor-col-100 elementor-top-column elementor-element elementor-element-9189f8f\" data-id=\"9189f8f\" data-element_type=\"column\">\n\t\t\t<div class=\"elementor-widget-wrap elementor-element-populated\">\n\t\t\t\t\t\t\t\t<div class=\"elementor-element elementor-element-7798bd8 elementor-widget elementor-widget-heading\" data-id=\"7798bd8\" data-element_type=\"widget\" data-widget_type=\"heading.default\">\n\t\t\t\t<div class=\"elementor-widget-container\">\n\t\t\t<style>\/*! elementor - v3.18.0 - 06-12-2023 *\/\n.elementor-heading-title{padding:0;margin:0;line-height:1}.elementor-widget-heading .elementor-heading-title[class*=elementor-size-]>a{color:inherit;font-size:inherit;line-height:inherit}.elementor-widget-heading .elementor-heading-title.elementor-size-small{font-size:15px}.elementor-widget-heading .elementor-heading-title.elementor-size-medium{font-size:19px}.elementor-widget-heading .elementor-heading-title.elementor-size-large{font-size:29px}.elementor-widget-heading .elementor-heading-title.elementor-size-xl{font-size:39px}.elementor-widget-heading .elementor-heading-title.elementor-size-xxl{font-size:59px}<\/style><h1 class=\"elementor-heading-title elementor-size-default\">Sobre N\u00f3s<\/h1>\t\t<\/div>\n\t\t\t\t<\/div>\n\t\t\t\t\t<\/div>\n\t\t<\/div>\n\t\t\t\t\t\t\t<\/div>\n\t\t<\/section>\n\t\t\t\t<section class=\"elementor-section elementor-top-section elementor-element elementor-element-d21b3db elementor-section-boxed elementor-section-height-default elementor-section-height-default\" data-id=\"d21b3db\" data-element_type=\"section\" data-settings=\"{&quot;background_background&quot;:&quot;classic&quot;}\">\n\t\t\t\t\t\t<div class=\"elementor-container elementor-column-gap-default\">\n\t\t\t\t\t<div class=\"elementor-column elementor-col-50 elementor-top-column elementor-element elementor-element-a5164b7\" data-id=\"a5164b7\" data-element_type=\"column\">\n\t\t\t<div class=\"elementor-widget-wrap elementor-element-populated\">\n\t\t\t\t\t\t\t\t<div class=\"elementor-element elementor-element-92d2ff8 elementor-widget elementor-widget-heading\" data-id=\"92d2ff8\" data-element_type=\"widget\" data-widget_type=\"heading.default\">\n\t\t\t\t<div class=\"elementor-widget-container\">\n\t\t\t<h6 class=\"elementor-heading-title elementor-size-default\">SOBRE N\u00d3S<\/h6>\t\t<\/div>\n\t\t\t\t<\/div>\n\t\t\t\t<div class=\"elementor-element elementor-element-916f03e elementor-vertical-align-top elementor-widget elementor-widget-icon-box\" data-id=\"916f03e\" data-element_type=\"widget\" data-widget_type=\"icon-box.default\">\n\t\t\t\t<div class=\"elementor-widget-container\">\n\t\t\t<link rel=\"stylesheet\" href=\"https:\/\/tsvalemach.com.br\/wp-content\/plugins\/elementor\/assets\/css\/widget-icon-box.min.css\">\t\t<div class=\"elementor-icon-box-wrapper\">\n\t\t\t\t\t\t<div class=\"elementor-icon-box-content\">\n\t\t\t\t<h2 class=\"elementor-icon-box-title\">\n\t\t\t\t\t<span  >\n\t\t\t\t\t\tA TS VALEMACH \u00e9 uma empresa especializada na manuten\u00e7\u00e3o em empilhadeiras el\u00e9tricas e combust\u00e3o\t\t\t\t\t<\/span>\n\t\t\t\t<\/h2>\n\t\t\t\t\t\t\t\t\t<p class=\"elementor-icon-box-description\">\n\t\t\t\t\t\tJuntamente com a comercializa\u00e7\u00e3o de pe\u00e7as e equipamentos novos e usados, tamb\u00e9m atuamos junto das principais marcas do pais, oferecendo conhecimento e orienta\u00e7\u00e3o ao cliente na escolha de um equipamento ou manuten\u00e7\u00e3o. Atualmente atuamos em Santa Catarina e Paran\u00e1.\t\t\t\t\t<\/p>\n\t\t\t\t\t\t\t<\/div>\n\t\t<\/div>\n\t\t\t\t<\/div>\n\t\t\t\t<\/div>\n\t\t\t\t<div class=\"elementor-element elementor-element-17980b7 elementor-widget elementor-widget-text-editor\" data-id=\"17980b7\" data-element_type=\"widget\" data-widget_type=\"text-editor.default\">\n\t\t\t\t<div class=\"elementor-widget-container\">\n\t\t\t<style>\/*! elementor - v3.18.0 - 06-12-2023 *\/\n.elementor-widget-text-editor.elementor-drop-cap-view-stacked .elementor-drop-cap{background-color:#69727d;color:#fff}.elementor-widget-text-editor.elementor-drop-cap-view-framed .elementor-drop-cap{color:#69727d;border:3px solid;background-color:transparent}.elementor-widget-text-editor:not(.elementor-drop-cap-view-default) .elementor-drop-cap{margin-top:8px}.elementor-widget-text-editor:not(.elementor-drop-cap-view-default) .elementor-drop-cap-letter{width:1em;height:1em}.elementor-widget-text-editor .elementor-drop-cap{float:left;text-align:center;line-height:1;font-size:50px}.elementor-widget-text-editor .elementor-drop-cap-letter{display:inline-block}<\/style>\t\t\t\t Marcas de Atua\u00e7\u00e3o: TOYOTA, HYSTER, YALE, HANCHA, HELLI, STILL, PALETRANS, SAS, ZOONLIOM, COMBILIFT e JUNGHEINRICH\t\t\t\t\t\t<\/div>\n\t\t\t\t<\/div>\n\t\t\t\t<div class=\"elementor-element elementor-element-1d9af82 elementor-mobile-align-justify elementor-widget elementor-widget-button\" data-id=\"1d9af82\" data-element_type=\"widget\" data-widget_type=\"button.default\">\n\t\t\t\t<div class=\"elementor-widget-container\">\n\t\t\t\t\t<div class=\"elementor-button-wrapper\">\n\t\t\t<a class=\"elementor-button elementor-button-link elementor-size-sm\" href=\"https:\/\/api.whatsapp.com\/send?phone=5547992676653\" target=\"_blank\">\n\t\t\t\t\t\t<span class=\"elementor-button-content-wrapper\">\n\t\t\t\t\t\t<span class=\"elementor-button-icon elementor-align-icon-left\">\n\t\t\t\t<i aria-hidden=\"true\" class=\"fas fa-phone-alt\"><\/i>\t\t\t<\/span>\n\t\t\t\t\t\t<span class=\"elementor-button-text\">FALE CONOSCO<\/span>\n\t\t<\/span>\n\t\t\t\t\t<\/a>\n\t\t<\/div>\n\t\t\t\t<\/div>\n\t\t\t\t<\/div>\n\t\t\t\t\t<\/div>\n\t\t<\/div>\n\t\t\t\t<div class=\"elementor-column elementor-col-50 elementor-top-column elementor-element elementor-element-f3df490\" data-id=\"f3df490\" data-element_type=\"column\">\n\t\t\t<div class=\"elementor-widget-wrap elementor-element-populated\">\n\t\t\t\t\t\t\t\t<div class=\"elementor-element elementor-element-e20a079 elementor-widget elementor-widget-image\" data-id=\"e20a079\" data-element_type=\"widget\" data-widget_type=\"image.default\">\n\t\t\t\t<div class=\"elementor-widget-container\">\n\t\t\t<style>\/*! elementor - v3.18.0 - 06-12-2023 *\/\n.elementor-widget-image{text-align:center}.elementor-widget-image a{display:inline-block}.elementor-widget-image a img[src$=\".svg\"]{width:48px}.elementor-widget-image img{vertical-align:middle;display:inline-block}<\/style>\t\t\t\t\t\t\t\t\t\t\t\t<img fetchpriority=\"high\" decoding=\"async\" width=\"500\" height=\"500\" src=\"https:\/\/tsvalemach.com.br\/wp-content\/uploads\/2023\/09\/image002.webp\" class=\"elementor-animation-float attachment-full size-full wp-image-1664\" alt=\"\" srcset=\"https:\/\/tsvalemach.com.br\/wp-content\/uploads\/2023\/09\/image002.webp 500w, https:\/\/tsvalemach.com.br\/wp-content\/uploads\/2023\/09\/image002-300x300.webp 300w, https:\/\/tsvalemach.com.br\/wp-content\/uploads\/2023\/09\/image002-150x150.webp 150w\" sizes=\"(max-width: 500px) 100vw, 500px\" \/>\t\t\t\t\t\t\t\t\t\t\t\t\t\t\t<\/div>\n\t\t\t\t<\/div>\n\t\t\t\t\t<\/div>\n\t\t<\/div>\n\t\t\t\t\t\t\t<\/div>\n\t\t<\/section>\n\t\t\t\t<section class=\"elementor-section elementor-top-section elementor-element elementor-element-0d86802 elementor-section-boxed elementor-section-height-default elementor-section-height-default\" data-id=\"0d86802\" data-element_type=\"section\" data-settings=\"{&quot;background_background&quot;:&quot;classic&quot;}\">\n\t\t\t\t\t\t<div class=\"elementor-container elementor-column-gap-no\">\n\t\t\t\t\t<div class=\"elementor-column elementor-col-100 elementor-top-column elementor-element elementor-element-6b86419\" data-id=\"6b86419\" data-element_type=\"column\">\n\t\t\t<div class=\"elementor-widget-wrap elementor-element-populated\">\n\t\t\t\t\t\t\t\t<section class=\"elementor-section elementor-inner-section elementor-element elementor-element-51098b1 elementor-section-boxed elementor-section-height-default elementor-section-height-default\" data-id=\"51098b1\" data-element_type=\"section\">\n\t\t\t\t\t\t<div class=\"elementor-container elementor-column-gap-default\">\n\t\t\t\t\t<div class=\"elementor-column elementor-col-33 elementor-inner-column elementor-element elementor-element-cb754e1\" data-id=\"cb754e1\" data-element_type=\"column\" data-settings=\"{&quot;background_background&quot;:&quot;classic&quot;}\">\n\t\t\t<div class=\"elementor-widget-wrap elementor-element-populated\">\n\t\t\t\t\t\t\t\t<div class=\"elementor-element elementor-element-7bce8d5 elementor-view-stacked elementor-shape-circle elementor-position-top elementor-mobile-position-top elementor-widget elementor-widget-icon-box\" data-id=\"7bce8d5\" data-element_type=\"widget\" data-widget_type=\"icon-box.default\">\n\t\t\t\t<div class=\"elementor-widget-container\">\n\t\t\t\t\t<div class=\"elementor-icon-box-wrapper\">\n\t\t\t\t\t\t<div class=\"elementor-icon-box-icon\">\n\t\t\t\t<span  class=\"elementor-icon elementor-animation-\">\n\t\t\t\t<i aria-hidden=\"true\" class=\"fas fa-bullseye\"><\/i>\t\t\t\t<\/span>\n\t\t\t<\/div>\n\t\t\t\t\t\t<div class=\"elementor-icon-box-content\">\n\t\t\t\t<h6 class=\"elementor-icon-box-title\">\n\t\t\t\t\t<span  >\n\t\t\t\t\t\tMiss\u00e3o\t\t\t\t\t<\/span>\n\t\t\t\t<\/h6>\n\t\t\t\t\t\t\t\t\t<p class=\"elementor-icon-box-description\">\n\t\t\t\t\t\tOferecer aos nossos clientes solu\u00e7\u00f5es assertivas, efetivas e confi\u00e1veis no seguimento de movimenta\u00e7\u00e3o de materiais em SC\/PR.\t\t\t\t\t<\/p>\n\t\t\t\t\t\t\t<\/div>\n\t\t<\/div>\n\t\t\t\t<\/div>\n\t\t\t\t<\/div>\n\t\t\t\t\t<\/div>\n\t\t<\/div>\n\t\t\t\t<div class=\"elementor-column elementor-col-33 elementor-inner-column elementor-element elementor-element-fe6d56c\" data-id=\"fe6d56c\" data-element_type=\"column\" data-settings=\"{&quot;background_background&quot;:&quot;classic&quot;}\">\n\t\t\t<div class=\"elementor-widget-wrap elementor-element-populated\">\n\t\t\t\t\t\t\t\t<div class=\"elementor-element elementor-element-dfb54d4 elementor-view-stacked elementor-shape-circle elementor-position-top elementor-mobile-position-top elementor-widget elementor-widget-icon-box\" data-id=\"dfb54d4\" data-element_type=\"widget\" data-widget_type=\"icon-box.default\">\n\t\t\t\t<div class=\"elementor-widget-container\">\n\t\t\t\t\t<div class=\"elementor-icon-box-wrapper\">\n\t\t\t\t\t\t<div class=\"elementor-icon-box-icon\">\n\t\t\t\t<span  class=\"elementor-icon elementor-animation-\">\n\t\t\t\t<i aria-hidden=\"true\" class=\"fas fa-award\"><\/i>\t\t\t\t<\/span>\n\t\t\t<\/div>\n\t\t\t\t\t\t<div class=\"elementor-icon-box-content\">\n\t\t\t\t<h6 class=\"elementor-icon-box-title\">\n\t\t\t\t\t<span  >\n\t\t\t\t\t\tVis\u00e3o\t\t\t\t\t<\/span>\n\t\t\t\t<\/h6>\n\t\t\t\t\t\t\t\t\t<p class=\"elementor-icon-box-description\">\n\t\t\t\t\t\tA TS VALEMACH foi fundada no intuito de orientar e aplicar a melhor solu\u00e7\u00e3o para o problema do cliente.\t\t\t\t\t<\/p>\n\t\t\t\t\t\t\t<\/div>\n\t\t<\/div>\n\t\t\t\t<\/div>\n\t\t\t\t<\/div>\n\t\t\t\t\t<\/div>\n\t\t<\/div>\n\t\t\t\t<div class=\"elementor-column elementor-col-33 elementor-inner-column elementor-element elementor-element-d50f02c\" data-id=\"d50f02c\" data-element_type=\"column\" data-settings=\"{&quot;background_background&quot;:&quot;classic&quot;}\">\n\t\t\t<div class=\"elementor-widget-wrap elementor-element-populated\">\n\t\t\t\t\t\t\t\t<div class=\"elementor-element elementor-element-f46ffe4 elementor-view-stacked elementor-shape-circle elementor-position-top elementor-mobile-position-top elementor-widget elementor-widget-icon-box\" data-id=\"f46ffe4\" data-element_type=\"widget\" data-widget_type=\"icon-box.default\">\n\t\t\t\t<div class=\"elementor-widget-container\">\n\t\t\t\t\t<div class=\"elementor-icon-box-wrapper\">\n\t\t\t\t\t\t<div class=\"elementor-icon-box-icon\">\n\t\t\t\t<span  class=\"elementor-icon elementor-animation-\">\n\t\t\t\t<i aria-hidden=\"true\" class=\"fas fa-check-circle\"><\/i>\t\t\t\t<\/span>\n\t\t\t<\/div>\n\t\t\t\t\t\t<div class=\"elementor-icon-box-content\">\n\t\t\t\t<h6 class=\"elementor-icon-box-title\">\n\t\t\t\t\t<span  >\n\t\t\t\t\t\tValores\t\t\t\t\t<\/span>\n\t\t\t\t<\/h6>\n\t\t\t\t\t\t\t\t\t<p class=\"elementor-icon-box-description\">\n\t\t\t\t\t\tA confiabilidade dos nossos servi\u00e7os baseia-se na transpar\u00eancia e respeito dedicados aos nossos clientes atrav\u00e9s do trabalho especializado e total dedica\u00e7\u00e3o dos nossos capacitados e resolutivos colaboradores.\t\t\t\t\t<\/p>\n\t\t\t\t\t\t\t<\/div>\n\t\t<\/div>\n\t\t\t\t<\/div>\n\t\t\t\t<\/div>\n\t\t\t\t\t<\/div>\n\t\t<\/div>\n\t\t\t\t\t\t\t<\/div>\n\t\t<\/section>\n\t\t\t\t\t<\/div>\n\t\t<\/div>\n\t\t\t\t\t\t\t<\/div>\n\t\t<\/section>\n\t\t\t\t\t\t\t<\/div>\n\t\t","protected":false},"excerpt":{"rendered":"<p>Sobre N\u00f3s SOBRE N\u00d3S A TS VALEMACH \u00e9 uma empresa especializada na manuten\u00e7\u00e3o em empilhadeiras el\u00e9tricas e combust\u00e3o Juntamente com a comercializa\u00e7\u00e3o de pe\u00e7as e equipamentos novos e usados, tamb\u00e9m atuamos junto das principais marcas do pais, oferecendo conhecimento e orienta\u00e7\u00e3o ao cliente na escolha de um equipamento ou manuten\u00e7\u00e3o. Atualmente atuamos em Santa Catarina &hellip;<\/p>\n<p class=\"read-more\"> <a class=\"\" href=\"https:\/\/tsvalemach.com.br\/?page_id=9\"> <span class=\"screen-reader-text\">Sobre N\u00f3s<\/span> Leia mais &raquo;<\/a><\/p>\n","protected":false},"author":1,"featured_media":0,"parent":0,"menu_order":0,"comment_status":"closed","ping_status":"closed","template":"","meta":{"inline_featured_image":false,"site-sidebar-layout":"no-sidebar","site-content-layout":"page-builder","ast-site-content-layout":"","site-content-style":"default","site-sidebar-style":"default","ast-global-header-display":"","ast-banner-title-visibility":"","ast-main-header-display":"","ast-hfb-above-header-display":"","ast-hfb-below-header-display":"","ast-hfb-mobile-header-display":"","site-post-title":"disabled","ast-breadcrumbs-content":"disabled","ast-featured-img":"disabled","footer-sml-layout":"","theme-transparent-header-meta":"enabled","adv-header-id-meta":"","stick-header-meta":"","header-above-stick-meta":"","header-main-stick-meta":"","header-below-stick-meta":"","astra-migrate-meta-layouts":"","ast-page-background-enabled":"default","ast-page-background-meta":{"desktop":{"background-color":"","background-image":"","background-repeat":"repeat","background-position":"center center","background-size":"auto","background-attachment":"scroll","background-type":"","background-media":"","overlay-type":"","overlay-color":"","overlay-gradient":""},"tablet":{"background-color":"","background-image":"","background-repeat":"repeat","background-position":"center center","background-size":"auto","background-attachment":"scroll","background-type":"","background-media":"","overlay-type":"","overlay-color":"","overlay-gradient":""},"mobile":{"background-color":"","background-image":"","background-repeat":"repeat","background-position":"center center","background-size":"auto","background-attachment":"scroll","background-type":"","background-media":"","overlay-type":"","overlay-color":"","overlay-gradient":""}},"ast-content-background-meta":{"desktop":{"background-color":"var(--ast-global-color-5)","background-image":"","background-repeat":"repeat","background-position":"center center","background-size":"auto","background-attachment":"scroll","background-type":"","background-media":"","overlay-type":"","overlay-color":"","overlay-gradient":""},"tablet":{"background-color":"var(--ast-global-color-5)","background-image":"","background-repeat":"repeat","background-position":"center center","background-size":"auto","background-attachment":"scroll","background-type":"","background-media":"","overlay-type":"","overlay-color":"","overlay-gradient":""},"mobile":{"background-color":"var(--ast-global-color-5)","background-image":"","background-repeat":"repeat","background-position":"center center","background-size":"auto","background-attachment":"scroll","background-type":"","background-media":"","overlay-type":"","overlay-color":"","overlay-gradient":""}},"_joinchat":[],"footnotes":""},"class_list":["post-9","page","type-page","status-publish","hentry"],"yoast_head":"<!-- This site is optimized with the Yoast SEO plugin v21.6 - https:\/\/yoast.com\/wordpress\/plugins\/seo\/ -->\n<title>Sobre N\u00f3s - TS VALEMACH<\/title>\n<meta name=\"robots\" content=\"index, follow, max-snippet:-1, max-image-preview:large, max-video-preview:-1\" \/>\n<link rel=\"canonical\" href=\"https:\/\/tsvalemach.com.br\/?page_id=9\" \/>\n<meta property=\"og:locale\" content=\"pt_BR\" \/>\n<meta property=\"og:type\" content=\"article\" \/>\n<meta property=\"og:title\" content=\"Sobre N\u00f3s - TS VALEMACH\" \/>\n<meta property=\"og:description\" content=\"Sobre N\u00f3s SOBRE N\u00d3S A TS VALEMACH \u00e9 uma empresa especializada na manuten\u00e7\u00e3o em empilhadeiras el\u00e9tricas e combust\u00e3o Juntamente com a comercializa\u00e7\u00e3o de pe\u00e7as e equipamentos novos e usados, tamb\u00e9m atuamos junto das principais marcas do pais, oferecendo conhecimento e orienta\u00e7\u00e3o ao cliente na escolha de um equipamento ou manuten\u00e7\u00e3o. Atualmente atuamos em Santa Catarina &hellip; Sobre N\u00f3s Leia mais &raquo;\" \/>\n<meta property=\"og:url\" content=\"https:\/\/tsvalemach.com.br\/?page_id=9\" \/>\n<meta property=\"og:site_name\" content=\"TS VALEMACH\" \/>\n<meta property=\"article:publisher\" content=\"https:\/\/www.facebook.com\/tsvalemach\/\" \/>\n<meta property=\"article:modified_time\" content=\"2023-09-26T19:56:36+00:00\" \/>\n<meta property=\"og:image\" content=\"https:\/\/tsvalemach.com.br\/wp-content\/uploads\/2023\/09\/image002.webp\" \/>\n<meta name=\"twitter:card\" content=\"summary_large_image\" \/>\n<meta name=\"twitter:label1\" content=\"Est. tempo de leitura\" \/>\n\t<meta name=\"twitter:data1\" content=\"1 minuto\" \/>\n<script type=\"application\/ld+json\" class=\"yoast-schema-graph\">{\"@context\":\"https:\/\/schema.org\",\"@graph\":[{\"@type\":\"WebPage\",\"@id\":\"https:\/\/tsvalemach.com.br\/?page_id=9\",\"url\":\"https:\/\/tsvalemach.com.br\/?page_id=9\",\"name\":\"Sobre N\u00f3s - TS VALEMACH\",\"isPartOf\":{\"@id\":\"https:\/\/tsvalemach.com.br\/#website\"},\"datePublished\":\"2021-06-12T06:25:18+00:00\",\"dateModified\":\"2023-09-26T19:56:36+00:00\",\"breadcrumb\":{\"@id\":\"https:\/\/tsvalemach.com.br\/?page_id=9#breadcrumb\"},\"inLanguage\":\"pt-BR\",\"potentialAction\":[{\"@type\":\"ReadAction\",\"target\":[\"https:\/\/tsvalemach.com.br\/?page_id=9\"]}]},{\"@type\":\"BreadcrumbList\",\"@id\":\"https:\/\/tsvalemach.com.br\/?page_id=9#breadcrumb\",\"itemListElement\":[{\"@type\":\"ListItem\",\"position\":1,\"name\":\"In\u00edcio\",\"item\":\"https:\/\/tsvalemach.com.br\/\"},{\"@type\":\"ListItem\",\"position\":2,\"name\":\"Sobre N\u00f3s\"}]},{\"@type\":\"WebSite\",\"@id\":\"https:\/\/tsvalemach.com.br\/#website\",\"url\":\"https:\/\/tsvalemach.com.br\/\",\"name\":\"TS VALEMACH\",\"description\":\"A TS VALEMACH \u00e9 uma empresa especializada na manuten\u00e7\u00e3o em empilhadeiras el\u00e9tricas e combust\u00e3o\",\"publisher\":{\"@id\":\"https:\/\/tsvalemach.com.br\/#organization\"},\"potentialAction\":[{\"@type\":\"SearchAction\",\"target\":{\"@type\":\"EntryPoint\",\"urlTemplate\":\"https:\/\/tsvalemach.com.br\/?s={search_term_string}\"},\"query-input\":\"required name=search_term_string\"}],\"inLanguage\":\"pt-BR\"},{\"@type\":\"Organization\",\"@id\":\"https:\/\/tsvalemach.com.br\/#organization\",\"name\":\"TS VALEMACH\",\"url\":\"https:\/\/tsvalemach.com.br\/\",\"logo\":{\"@type\":\"ImageObject\",\"inLanguage\":\"pt-BR\",\"@id\":\"https:\/\/tsvalemach.com.br\/#\/schema\/logo\/image\/\",\"url\":\"https:\/\/tsvalemach.com.br\/wp-content\/uploads\/2021\/06\/logo-ts.png\",\"contentUrl\":\"https:\/\/tsvalemach.com.br\/wp-content\/uploads\/2021\/06\/logo-ts.png\",\"width\":627,\"height\":467,\"caption\":\"TS VALEMACH\"},\"image\":{\"@id\":\"https:\/\/tsvalemach.com.br\/#\/schema\/logo\/image\/\"},\"sameAs\":[\"https:\/\/www.facebook.com\/tsvalemach\/\",\"https:\/\/www.instagram.com\/tsvalemach\/\"]}]}<\/script>\n<!-- \/ Yoast SEO plugin. -->","yoast_head_json":{"title":"Sobre N\u00f3s - TS VALEMACH","robots":{"index":"index","follow":"follow","max-snippet":"max-snippet:-1","max-image-preview":"max-image-preview:large","max-video-preview":"max-video-preview:-1"},"canonical":"https:\/\/tsvalemach.com.br\/?page_id=9","og_locale":"pt_BR","og_type":"article","og_title":"Sobre N\u00f3s - TS VALEMACH","og_description":"Sobre N\u00f3s SOBRE N\u00d3S A TS VALEMACH \u00e9 uma empresa especializada na manuten\u00e7\u00e3o em empilhadeiras el\u00e9tricas e combust\u00e3o Juntamente com a comercializa\u00e7\u00e3o de pe\u00e7as e equipamentos novos e usados, tamb\u00e9m atuamos junto das principais marcas do pais, oferecendo conhecimento e orienta\u00e7\u00e3o ao cliente na escolha de um equipamento ou manuten\u00e7\u00e3o. Atualmente atuamos em Santa Catarina &hellip; Sobre N\u00f3s Leia mais &raquo;","og_url":"https:\/\/tsvalemach.com.br\/?page_id=9","og_site_name":"TS VALEMACH","article_publisher":"https:\/\/www.facebook.com\/tsvalemach\/","article_modified_time":"2023-09-26T19:56:36+00:00","og_image":[{"url":"https:\/\/tsvalemach.com.br\/wp-content\/uploads\/2023\/09\/image002.webp"}],"twitter_card":"summary_large_image","twitter_misc":{"Est. tempo de leitura":"1 minuto"},"schema":{"@context":"https:\/\/schema.org","@graph":[{"@type":"WebPage","@id":"https:\/\/tsvalemach.com.br\/?page_id=9","url":"https:\/\/tsvalemach.com.br\/?page_id=9","name":"Sobre N\u00f3s - TS VALEMACH","isPartOf":{"@id":"https:\/\/tsvalemach.com.br\/#website"},"datePublished":"2021-06-12T06:25:18+00:00","dateModified":"2023-09-26T19:56:36+00:00","breadcrumb":{"@id":"https:\/\/tsvalemach.com.br\/?page_id=9#breadcrumb"},"inLanguage":"pt-BR","potentialAction":[{"@type":"ReadAction","target":["https:\/\/tsvalemach.com.br\/?page_id=9"]}]},{"@type":"BreadcrumbList","@id":"https:\/\/tsvalemach.com.br\/?page_id=9#breadcrumb","itemListElement":[{"@type":"ListItem","position":1,"name":"In\u00edcio","item":"https:\/\/tsvalemach.com.br\/"},{"@type":"ListItem","position":2,"name":"Sobre N\u00f3s"}]},{"@type":"WebSite","@id":"https:\/\/tsvalemach.com.br\/#website","url":"https:\/\/tsvalemach.com.br\/","name":"TS VALEMACH","description":"A TS VALEMACH \u00e9 uma empresa especializada na manuten\u00e7\u00e3o em empilhadeiras el\u00e9tricas e combust\u00e3o","publisher":{"@id":"https:\/\/tsvalemach.com.br\/#organization"},"potentialAction":[{"@type":"SearchAction","target":{"@type":"EntryPoint","urlTemplate":"https:\/\/tsvalemach.com.br\/?s={search_term_string}"},"query-input":"required name=search_term_string"}],"inLanguage":"pt-BR"},{"@type":"Organization","@id":"https:\/\/tsvalemach.com.br\/#organization","name":"TS VALEMACH","url":"https:\/\/tsvalemach.com.br\/","logo":{"@type":"ImageObject","inLanguage":"pt-BR","@id":"https:\/\/tsvalemach.com.br\/#\/schema\/logo\/image\/","url":"https:\/\/tsvalemach.com.br\/wp-content\/uploads\/2021\/06\/logo-ts.png","contentUrl":"https:\/\/tsvalemach.com.br\/wp-content\/uploads\/2021\/06\/logo-ts.png","width":627,"height":467,"caption":"TS VALEMACH"},"image":{"@id":"https:\/\/tsvalemach.com.br\/#\/schema\/logo\/image\/"},"sameAs":["https:\/\/www.facebook.com\/tsvalemach\/","https:\/\/www.instagram.com\/tsvalemach\/"]}]}},"_links":{"self":[{"href":"https:\/\/tsvalemach.com.br\/index.php?rest_route=\/wp\/v2\/pages\/9","targetHints":{"allow":["GET"]}}],"collection":[{"href":"https:\/\/tsvalemach.com.br\/index.php?rest_route=\/wp\/v2\/pages"}],"about":[{"href":"https:\/\/tsvalemach.com.br\/index.php?rest_route=\/wp\/v2\/types\/page"}],"author":[{"embeddable":true,"href":"https:\/\/tsvalemach.com.br\/index.php?rest_route=\/wp\/v2\/users\/1"}],"replies":[{"embeddable":true,"href":"https:\/\/tsvalemach.com.br\/index.php?rest_route=%2Fwp%2Fv2%2Fcomments&post=9"}],"version-history":[{"count":83,"href":"https:\/\/tsvalemach.com.br\/index.php?rest_route=\/wp\/v2\/pages\/9\/revisions"}],"predecessor-version":[{"id":1718,"href":"https:\/\/tsvalemach.com.br\/index.php?rest_route=\/wp\/v2\/pages\/9\/revisions\/1718"}],"wp:attachment":[{"href":"https:\/\/tsvalemach.com.br\/index.php?rest_route=%2Fwp%2Fv2%2Fmedia&parent=9"}],"curies":[{"name":"wp","href":"https:\/\/api.w.org\/{rel}","templated":true}]}}